{"id":10568,"date":"2025-10-01T09:39:41","date_gmt":"2025-10-01T14:39:41","guid":{"rendered":"https:\/\/dpaso.pe\/?page_id=10568"},"modified":"2025-10-01T18:47:10","modified_gmt":"2025-10-01T23:47:10","slug":"inicio","status":"publish","type":"page","link":"https:\/\/dpaso.pe\/en\/","title":{"rendered":"Inicio"},"content":{"rendered":"\t\t<div data-elementor-type=\"wp-page\" data-elementor-id=\"10568\" class=\"elementor elementor-10568\">\n\t\t\t\t        <section class=\"elementor-section elementor-top-section elementor-element elementor-element-34fea69 elementor-section-boxed elementor-section-height-default elementor-section-height-default pxl-shape-divider-none\" data-id=\"34fea69\" data-element_type=\"section\" data-e-type=\"section\">\n\n                \n                <div class=\"elementor-container elementor-column-gap-default \">\n                <div class=\"elementor-column elementor-col-100 elementor-top-column elementor-element elementor-element-ccf5709 pxl-column-element-default\" data-id=\"ccf5709\" data-element_type=\"column\" data-e-type=\"column\">\r\n        <div class=\"elementor-widget-wrap elementor-element-populated\">\r\n                    \t\t<div class=\"elementor-element elementor-element-a2b42df elementor-widget elementor-widget-slider_revolution\" data-id=\"a2b42df\" data-element_type=\"widget\" data-e-type=\"widget\" data-widget_type=\"slider_revolution.default\">\n\t\t\t\t\t\n\t\t<div class=\"wp-block-themepunch-revslider\">\n\t\t\t\t<p class=\"rs-p-wp-fix\"><\/p>\n\t\t\t\t<sr7-module data-alias=\"slider-nosotros-1\" data-id=\"11\" id=\"SR7_11_1\" class=\"rs-ov-hidden\" data-version=\"6.7.34\">\n\t\t\t\t\t<sr7-adjuster><\/sr7-adjuster>\n\t\t\t\t\t<sr7-content>\n\t\t\t\t\t\t<sr7-slide id=\"SR7_11_1-29\" data-key=\"29\">\n\t\t\t\t\t\t\t<sr7-bg id=\"SR7_11_1-29-8\" class=\"sr7-layer\"><noscript><img decoding=\"async\" src=\"https:\/\/dpaso.pe\/wp-content\/uploads\/2025\/10\/slider-home-1.jpg\" alt=\"\" title=\"slider-home-1\"><\/noscript><\/sr7-bg>\n\t\t\t\t\t\t\t<sr7-txt id=\"SR7_11_1-29-5\" class=\"sr7-layer\">ORGULLO<\/sr7-txt>\n\t\t\t\t\t\t\t<sr7-txt id=\"SR7_11_1-29-7\" class=\"sr7-layer\">y pasi\u00f3n por el Per\u00fa<\/sr7-txt>\n\t\t\t\t\t\t<\/sr7-slide>\n\t\t\t\t\t\t<sr7-slide id=\"SR7_11_1-32\" data-key=\"32\">\n\t\t\t\t\t\t\t<sr7-bg id=\"SR7_11_1-32-9\" class=\"sr7-layer\"><noscript><img decoding=\"async\" src=\"https:\/\/dpaso.pe\/wp-content\/uploads\/2025\/10\/slider-home-2.jpg\" alt=\"\" title=\"slider-home-2\"><\/noscript><\/sr7-bg>\n\t\t\t\t\t\t\t<sr7-txt id=\"SR7_11_1-32-7\" class=\"sr7-layer\">Show Peruano jam\u00e1s visto<\/sr7-txt>\n\t\t\t\t\t\t\t<sr7-txt id=\"SR7_11_1-32-8\" class=\"sr7-layer\">El mejor<\/sr7-txt>\n\t\t\t\t\t\t<\/sr7-slide>\n\t\t\t\t\t\t<sr7-slide id=\"SR7_11_1-33\" data-key=\"33\">\n\t\t\t\t\t\t\t<sr7-bg id=\"SR7_11_1-33-11\" class=\"sr7-layer\"><noscript><img decoding=\"async\" src=\"https:\/\/dpaso.pe\/wp-content\/uploads\/2025\/10\/slider-home-3.jpg\" alt=\"\" title=\"slider-home-3\"><\/noscript><\/sr7-bg>\n\t\t\t\t\t\t\t<sr7-txt id=\"SR7_11_1-33-7\" class=\"sr7-layer\">como Evento de Inter\u00e9s Cultural<\/sr7-txt>\n\t\t\t\t\t\t\t<sr7-txt id=\"SR7_11_1-33-10\" class=\"sr7-layer\">Reconocido<\/sr7-txt>\n\t\t\t\t\t\t<\/sr7-slide>\n\t\t\t\t\t\t<sr7-slide id=\"SR7_11_1-31\" data-key=\"31\">\n\t\t\t\t\t\t<\/sr7-slide>\n\t\t\t\t\t<\/sr7-content>\n\t\t\t\t\t<image_lists style=\"display:none\">\n\t\t\t\t\t\t<img data-src=\"\/\/dpaso.pe\/wp-content\/uploads\/2025\/10\/slider-home-1.jpg\" data-libid=\"10774\" data-lib=\"medialibrary\" title=\"slider-home-1\" width=\"0\" height=\"0\" data-dbsrc=\"Ly9kcGFzby5wZS93cC1jb250ZW50L3VwbG9hZHMvMjAyNS8xMC9zbGlkZXItaG9tZS0xLmpwZw==\"\/>\n\t\t\t\t\t\t<img data-src=\"\/\/dpaso.pe\/wp-content\/uploads\/2025\/10\/slider-home-2.jpg\" data-libid=\"10775\" data-lib=\"medialibrary\" title=\"slider-home-2\" width=\"0\" height=\"0\" data-dbsrc=\"Ly9kcGFzby5wZS93cC1jb250ZW50L3VwbG9hZHMvMjAyNS8xMC9zbGlkZXItaG9tZS0yLmpwZw==\"\/>\n\t\t\t\t\t\t<img data-src=\"\/\/dpaso.pe\/wp-content\/uploads\/2025\/10\/slider-home-3.jpg\" data-libid=\"10776\" data-lib=\"medialibrary\" title=\"slider-home-3\" width=\"0\" height=\"0\" data-dbsrc=\"Ly9kcGFzby5wZS93cC1jb250ZW50L3VwbG9hZHMvMjAyNS8xMC9zbGlkZXItaG9tZS0zLmpwZw==\"\/>\n\t\t\t\t\t<\/image_lists>\n\t\t\t\t<\/sr7-module>\n\t\t\t\t<script>\n\t\t\t\t\tSR7.PMH ??={}; SR7.PMH[\"SR7_11_1\"] = {cn:100,state:false,fn: function() { if (_tpt!==undefined && _tpt.prepareModuleHeight !== undefined) {  _tpt.prepareModuleHeight({id:\"SR7_11_1\",el:[850,850,850,800,800],type:'standard',shdw:'0',gh:[850,850,850,800,800],gw:[1170,1170,1024,778,480],vpt:['-100px&#039;,&#039;-100px&#039;,&#039;-100px&#039;,&#039;-100px&#039;,&#039;-100px'],size:{fullWidth:true, fullHeight:false},mh:'0',onh:0,onw:0,bg:{color:'{\"orig\":\"transparent\",\"type\":\"solid\",\"string\":\"transparent\"}'}});   SR7.PMH[\"SR7_11_1\"].state=true;} else if(SR7.PMH[\"SR7_11_1\"].cn-->0)\tsetTimeout( SR7.PMH[\"SR7_11_1\"].fn,19);}};SR7.PMH[\"SR7_11_1\" ].fn();\n\t\t\t\t<\/script>\n<\/div>\n\n\t\t\t\t\t\t<\/div>\n\t\t                    <\/div>\r\n        <\/div>\r\n        \t\t\t<\/div>\n\t\t<\/section>\n\t\t        <section class=\"elementor-section elementor-top-section elementor-element elementor-element-4d6190d elementor-section-boxed elementor-section-height-default elementor-section-height-default pxl-shape-divider-none\" data-id=\"4d6190d\" data-element_type=\"section\" data-e-type=\"section\">\n\n                \n                <div class=\"elementor-container elementor-column-gap-default \">\n                <div class=\"elementor-column elementor-col-33 elementor-top-column elementor-element elementor-element-3a63c96 pxl-column-element-default\" data-id=\"3a63c96\" data-element_type=\"column\" data-e-type=\"column\">\r\n        <div class=\"elementor-widget-wrap elementor-element-populated\">\r\n                    \t\t<div class=\"elementor-element elementor-element-f511ef0 elementor-widget elementor-widget-pxl_fancy_box\" data-id=\"f511ef0\" data-element_type=\"widget\" data-e-type=\"widget\" data-widget_type=\"pxl_fancy_box.default\">\n\t\t\t\t<div class=\"elementor-widget-container\">\n\t\t\t\t\t<div class=\"pxl-fancy-box layout-4 home-servicios\">\n    <div class=\"box-inner\">\n        <div class=\"box-top d-flex\">\n            <h3 class=\"box-title text-center col-12\">\n                Vive una Experiencia Distinta            <\/h3>\n        <\/div>\n        <div class=\"box-image\">\n            <img loading=\"lazy\" decoding=\"async\" width=\"768\" height=\"253\" src=\"https:\/\/dpaso.pe\/wp-content\/uploads\/2025\/10\/home-intermedio-2.jpg\" class=\"attachment-full\" alt=\"\" \/>        <\/div>\n    <\/div>  \n<\/div>\t\t\t\t<\/div>\n\t\t\t\t<\/div>\n\t\t                    <\/div>\r\n        <\/div>\r\n                <div class=\"elementor-column elementor-col-33 elementor-top-column elementor-element elementor-element-aad0cec pxl-column-element-default\" data-id=\"aad0cec\" data-element_type=\"column\" data-e-type=\"column\">\r\n        <div class=\"elementor-widget-wrap elementor-element-populated\">\r\n                    \t\t<div class=\"elementor-element elementor-element-13ffd49 elementor-widget elementor-widget-pxl_fancy_box\" data-id=\"13ffd49\" data-element_type=\"widget\" data-e-type=\"widget\" data-widget_type=\"pxl_fancy_box.default\">\n\t\t\t\t<div class=\"elementor-widget-container\">\n\t\t\t\t\t<div class=\"pxl-fancy-box layout-4 home-servicios\">\n    <div class=\"box-inner\">\n        <div class=\"box-top d-flex\">\n            <h3 class=\"box-title text-center col-12\">\n                Aprende a montar al caballo del Per\u00fa            <\/h3>\n        <\/div>\n        <div class=\"box-image\">\n            <img loading=\"lazy\" decoding=\"async\" width=\"768\" height=\"253\" src=\"https:\/\/dpaso.pe\/wp-content\/uploads\/2025\/10\/home-intermedio-3.jpg\" class=\"attachment-full\" alt=\"\" \/>        <\/div>\n    <\/div>  \n<\/div>\t\t\t\t<\/div>\n\t\t\t\t<\/div>\n\t\t                    <\/div>\r\n        <\/div>\r\n                <div class=\"elementor-column elementor-col-33 elementor-top-column elementor-element elementor-element-464a59f pxl-column-element-default\" data-id=\"464a59f\" data-element_type=\"column\" data-e-type=\"column\" data-settings=\"{&quot;background_background&quot;:&quot;classic&quot;}\">\r\n        <div class=\"elementor-widget-wrap elementor-element-populated\">\r\n                    \t\t<div class=\"elementor-element elementor-element-73ba424 elementor-widget elementor-widget-pxl_fancy_box\" data-id=\"73ba424\" data-element_type=\"widget\" data-e-type=\"widget\" data-widget_type=\"pxl_fancy_box.default\">\n\t\t\t\t<div class=\"elementor-widget-container\">\n\t\t\t\t\t<div class=\"pxl-fancy-box layout-4 home-servicios\">\n    <div class=\"box-inner\">\n        <div class=\"box-top d-flex\">\n            <h3 class=\"box-title text-center col-12\">\n                Lleva a tu evento un espect\u00e1culo increible            <\/h3>\n        <\/div>\n        <div class=\"box-image\">\n            <img loading=\"lazy\" decoding=\"async\" width=\"768\" height=\"253\" src=\"https:\/\/dpaso.pe\/wp-content\/uploads\/2025\/10\/home-intermedio-1.jpg\" class=\"attachment-full\" alt=\"\" \/>        <\/div>\n    <\/div>  \n<\/div>\t\t\t\t<\/div>\n\t\t\t\t<\/div>\n\t\t                    <\/div>\r\n        <\/div>\r\n        \t\t\t<\/div>\n\t\t<\/section>\n\t\t        <section class=\"elementor-section elementor-top-section elementor-element elementor-element-3d8832b elementor-reverse-tablet elementor-reverse-mobile_extra elementor-reverse-mobile elementor-section-content-middle elementor-section-boxed elementor-section-height-default elementor-section-height-default pxl-shape-divider-none\" data-id=\"3d8832b\" data-element_type=\"section\" data-e-type=\"section\">\n\n                \n                <div class=\"elementor-container elementor-column-gap-default \">\n                <div class=\"elementor-column elementor-col-50 elementor-top-column elementor-element elementor-element-df6d15e pxl-column-element-default\" data-id=\"df6d15e\" data-element_type=\"column\" data-e-type=\"column\" data-settings=\"{&quot;background_background&quot;:&quot;classic&quot;}\">\r\n        <div class=\"elementor-widget-wrap elementor-element-populated\">\r\n                    \t\t<div class=\"elementor-element elementor-element-763b832 elementor-widget-mobile_extra__width-initial elementor-invisible pxl-elementor-animate elementor-widget elementor-widget-image\" data-id=\"763b832\" data-element_type=\"widget\" data-e-type=\"widget\" data-settings=\"{&quot;_animation&quot;:&quot;fadeInLeft&quot;,&quot;_animation_delay&quot;:200}\" data-widget_type=\"image.default\">\n\t\t\t\t\t\t\t\t\t\t\t\t\t\t\t<img loading=\"lazy\" decoding=\"async\" width=\"604\" height=\"707\" src=\"https:\/\/dpaso.pe\/wp-content\/uploads\/2025\/10\/imagen-home.jpg\" class=\"attachment-full size-full wp-image-10945\" alt=\"\" srcset=\"https:\/\/dpaso.pe\/wp-content\/uploads\/2025\/10\/imagen-home.jpg 604w, https:\/\/dpaso.pe\/wp-content\/uploads\/2025\/10\/imagen-home-256x300.jpg 256w, https:\/\/dpaso.pe\/wp-content\/uploads\/2025\/10\/imagen-home-478x560.jpg 478w, https:\/\/dpaso.pe\/wp-content\/uploads\/2025\/10\/imagen-home-400x468.jpg 400w, https:\/\/dpaso.pe\/wp-content\/uploads\/2025\/10\/imagen-home-600x702.jpg 600w\" sizes=\"(max-width: 604px) 100vw, 604px\" \/>\t\t\t\t\t\t\t\t\t\t\t\t\t\t\t<\/div>\n\t\t                    <\/div>\r\n        <\/div>\r\n                <div class=\"elementor-column elementor-col-50 elementor-top-column elementor-element elementor-element-83ad2e5 pxl-column-element-default\" data-id=\"83ad2e5\" data-element_type=\"column\" data-e-type=\"column\">\r\n        <div class=\"elementor-widget-wrap elementor-element-populated\">\r\n                    \t\t<div class=\"elementor-element elementor-element-ad82aeb elementor-widget elementor-widget-spacer\" data-id=\"ad82aeb\" data-element_type=\"widget\" data-e-type=\"widget\" data-widget_type=\"spacer.default\">\n\t\t\t\t\t\t\t<div class=\"elementor-spacer\">\n\t\t\t<div class=\"elementor-spacer-inner\"><\/div>\n\t\t<\/div>\n\t\t\t\t\t\t<\/div>\n\t\t\t\t<div class=\"elementor-element elementor-element-81aa215 pxl-heading-layout-1 elementor-widget elementor-widget-pxl_heading\" data-id=\"81aa215\" data-element_type=\"widget\" data-e-type=\"widget\" data-widget_type=\"pxl_heading.default\">\n\t\t\t\t<div class=\"elementor-widget-container\">\n\t\t\t\t\t<div class=\"pxl-heading-wrap d-flex layout1\">\n    <div class=\"pxl-heading-inner start\">\n        \n        <h2 class=\"heading-title\">\n            <span >\n                La Asociaci\u00f3n Cultural del Caballo Peruano de Paso (ACCPP)            <\/span>\n                    <\/h2>\n\n            <\/div>\n<\/div>\n\n\t\t\t\t<\/div>\n\t\t\t\t<\/div>\n\t\t\t\t<div class=\"elementor-element elementor-element-642b249 elementor-widget elementor-widget-pxl_text_editor\" data-id=\"642b249\" data-element_type=\"widget\" data-e-type=\"widget\" data-widget_type=\"pxl_text_editor.default\">\n\t\t\t\t<div class=\"elementor-widget-container\">\n\t\t\t\t\t<div id=\"pxl_text_editor-642b249-3379\" class=\"pxl-text-editor-wrap d-flex\" >\n\t<div class=\"pxl-text-editor elementor-clearfix\">\n        <p style=\"text-align: justify;\">Somos una instituci\u00f3n sin fines de lucro, con la misi\u00f3n de preservar, promover y proyectar al Caballo Peruano de Paso como s\u00edmbolo de identidad y patrimonio cultural del Per\u00fa, fundada en 2011, es reconocida por el Ministerio de Cultura del Per\u00fa, con Resoluci\u00f3n Ministerial Definitiva N\u00b0 000305-2020.<\/p><p style=\"text-align: justify;\">Distinguida como Marca Per\u00fa, reconocida como Punto de Cultura (Resoluci\u00f3n N\u00b0 000641-2024-DGIA-VMPCIC\/MC) y con Declaratoria de Inter\u00e9s Cultural a las Actividades de Salvaguardia (Resoluci\u00f3n N\u00b0 001322-2024-DGIA-VMPCIC\/MC), cuenta con la autorizaci\u00f3n para el uso del logo nominal institucional del Ministerio de Cultura.<\/p>\t<\/div>\n<\/div>\t\t\t\t<\/div>\n\t\t\t\t<\/div>\n\t\t\t\t<div class=\"elementor-element elementor-element-16cbdde elementor-widget elementor-widget-spacer\" data-id=\"16cbdde\" data-element_type=\"widget\" data-e-type=\"widget\" data-widget_type=\"spacer.default\">\n\t\t\t\t\t\t\t<div class=\"elementor-spacer\">\n\t\t\t<div class=\"elementor-spacer-inner\"><\/div>\n\t\t<\/div>\n\t\t\t\t\t\t<\/div>\n\t\t\t\t<div class=\"elementor-element elementor-element-18a7acd elementor-align-left elementor-widget elementor-widget-button\" data-id=\"18a7acd\" data-element_type=\"widget\" data-e-type=\"widget\" data-widget_type=\"button.default\">\n\t\t\t\t\t\t\t\t\t\t<a class=\"elementor-button elementor-button-link elementor-size-sm\" href=\"https:\/\/www.caballoperuanodepaso.org.pe\/\" target=\"_blank\">\n\t\t\t\t\t\t<span class=\"elementor-button-content-wrapper\">\n\t\t\t\t\t\t\t\t\t<span class=\"elementor-button-text\">IR A LA WEB<\/span>\n\t\t\t\t\t<\/span>\n\t\t\t\t\t<\/a>\n\t\t\t\t\t\t\t\t<\/div>\n\t\t\t\t<div class=\"elementor-element elementor-element-90ffc53 elementor-widget elementor-widget-spacer\" data-id=\"90ffc53\" data-element_type=\"widget\" data-e-type=\"widget\" data-widget_type=\"spacer.default\">\n\t\t\t\t\t\t\t<div class=\"elementor-spacer\">\n\t\t\t<div class=\"elementor-spacer-inner\"><\/div>\n\t\t<\/div>\n\t\t\t\t\t\t<\/div>\n\t\t                    <\/div>\r\n        <\/div>\r\n        \t\t\t<\/div>\n\t\t<\/section>\n\t\t        <section class=\"elementor-section elementor-top-section elementor-element elementor-element-6be9522 elementor-section-boxed elementor-section-height-default elementor-section-height-default pxl-shape-divider-none\" data-id=\"6be9522\" data-element_type=\"section\" data-e-type=\"section\" data-settings=\"{&quot;background_background&quot;:&quot;classic&quot;}\">\n\n                            <div class=\"elementor-background-overlay\"><\/div>\n            \n                <div class=\"elementor-container elementor-column-gap-default \">\n                <div class=\"elementor-column elementor-col-100 elementor-top-column elementor-element elementor-element-b885aa7 pxl-column-element-default\" data-id=\"b885aa7\" data-element_type=\"column\" data-e-type=\"column\">\r\n        <div class=\"elementor-widget-wrap elementor-element-populated\">\r\n                    \t\t<div class=\"elementor-element elementor-element-f4efc44 elementor-widget elementor-widget-video\" data-id=\"f4efc44\" data-element_type=\"widget\" data-e-type=\"widget\" data-settings=\"{&quot;youtube_url&quot;:&quot;https:\\\/\\\/youtu.be\\\/7-otxiVn8XE&quot;,&quot;loop&quot;:&quot;yes&quot;,&quot;video_type&quot;:&quot;youtube&quot;,&quot;controls&quot;:&quot;yes&quot;}\" data-widget_type=\"video.default\">\n\t\t\t\t\t\t\t<div class=\"elementor-wrapper elementor-open-inline\">\n\t\t\t<div class=\"elementor-video\"><\/div>\t\t<\/div>\n\t\t\t\t\t\t<\/div>\n\t\t                    <\/div>\r\n        <\/div>\r\n        \t\t\t<\/div>\n\t\t<\/section>\n\t\t        <section class=\"elementor-section elementor-top-section elementor-element elementor-element-45d88fc elementor-section-boxed elementor-section-height-default elementor-section-height-default pxl-shape-divider-none\" data-id=\"45d88fc\" data-element_type=\"section\" data-e-type=\"section\">\n\n                \n                <div class=\"elementor-container elementor-column-gap-default \">\n                <div class=\"elementor-column elementor-col-100 elementor-top-column elementor-element elementor-element-d960f39 pxl-column-element-default\" data-id=\"d960f39\" data-element_type=\"column\" data-e-type=\"column\">\r\n        <div class=\"elementor-widget-wrap elementor-element-populated\">\r\n                            <section class=\"elementor-section elementor-inner-section elementor-element elementor-element-3691cf5 elementor-section-boxed elementor-section-height-default elementor-section-height-default pxl-shape-divider-none\" data-id=\"3691cf5\" data-element_type=\"section\" data-e-type=\"section\">\n\n                \n                <div class=\"elementor-container elementor-column-gap-default \">\n                <div class=\"elementor-column elementor-col-50 elementor-inner-column elementor-element elementor-element-7f03d52 pxl-column-element-default\" data-id=\"7f03d52\" data-element_type=\"column\" data-e-type=\"column\" data-settings=\"{&quot;background_background&quot;:&quot;classic&quot;}\">\r\n        <div class=\"elementor-widget-wrap elementor-element-populated\">\r\n                    \t\t<div class=\"elementor-element elementor-element-9ddbcfa elementor-widget elementor-widget-html\" data-id=\"9ddbcfa\" data-element_type=\"widget\" data-e-type=\"widget\" data-widget_type=\"html.default\">\n\t\t\t\t\t<div id=\"bloque_reservas\" class=\"row botones\">\n    <div class=\"col-12\">\n        <a href=\"\/reservas\" target=\"_blank\"><button>Reservar<\/button>\n        <\/a>\n <\/div>\n<\/div>\t\t\t\t<\/div>\n\t\t                    <\/div>\r\n        <\/div>\r\n                <div class=\"elementor-column elementor-col-50 elementor-inner-column elementor-element elementor-element-982c0ee pxl-column-element-default\" data-id=\"982c0ee\" data-element_type=\"column\" data-e-type=\"column\">\r\n        <div class=\"elementor-widget-wrap elementor-element-populated\">\r\n                    \t\t<div class=\"elementor-element elementor-element-396eeef elementor-widget elementor-widget-html\" data-id=\"396eeef\" data-element_type=\"widget\" data-e-type=\"widget\" data-widget_type=\"html.default\">\n\t\t\t\t\t<div id=\"bloque_franquicias\" class=\"row botones\">\n    <div class=\"col-12\">\n        <a href=\"\/nosotros\/#franquicia\" target=\"_blank\"><button>Contacto<\/button>\n        <\/a>\n <\/div>\n<\/div>\t\t\t\t<\/div>\n\t\t                    <\/div>\r\n        <\/div>\r\n        \t\t\t<\/div>\n\t\t<\/section>\n\t\t                    <\/div>\r\n        <\/div>\r\n        \t\t\t<\/div>\n\t\t<\/section>\n\t\t\t\t<\/div>\n\t\t","protected":false},"excerpt":{"rendered":"<p>Vive una Experiencia Distinta Aprende a montar al caballo del Per\u00fa Lleva a tu evento un espect\u00e1culo increible La Asociaci\u00f3n Cultural del Caballo Peruano de Paso (ACCPP) Somos una instituci\u00f3n sin fines de lucro, con la misi\u00f3n de preservar, promover y proyectar al Caballo Peruano de Paso como s\u00edmbolo de identidad y patrimonio cultural del [&hellip;]<\/p>\n","protected":false},"author":1,"featured_media":0,"parent":0,"menu_order":-1000,"comment_status":"closed","ping_status":"closed","template":"","meta":{"footnotes":""},"class_list":["post-10568","page","type-page","status-publish","hentry"],"yoast_head":"<!-- This site is optimized with the Yoast SEO plugin v27.2 - https:\/\/yoast.com\/product\/yoast-seo-wordpress\/ -->\n<title>Inicio - Dpaso<\/title>\n<meta name=\"robots\" content=\"index, follow, max-snippet:-1, max-image-preview:large, max-video-preview:-1\" \/>\n<link rel=\"canonical\" href=\"https:\/\/dpaso.pe\/en\/\" \/>\n<meta property=\"og:locale\" content=\"en_US\" \/>\n<meta property=\"og:type\" content=\"article\" \/>\n<meta property=\"og:title\" content=\"Inicio - Dpaso\" \/>\n<meta property=\"og:description\" content=\"Vive una Experiencia Distinta Aprende a montar al caballo del Per\u00fa Lleva a tu evento un espect\u00e1culo increible La Asociaci\u00f3n Cultural del Caballo Peruano de Paso (ACCPP) Somos una instituci\u00f3n sin fines de lucro, con la misi\u00f3n de preservar, promover y proyectar al Caballo Peruano de Paso como s\u00edmbolo de identidad y patrimonio cultural del [&hellip;]\" \/>\n<meta property=\"og:url\" content=\"https:\/\/dpaso.pe\/en\/\" \/>\n<meta property=\"og:site_name\" content=\"Dpaso\" \/>\n<meta property=\"article:modified_time\" content=\"2025-10-01T23:47:10+00:00\" \/>\n<meta property=\"og:image\" content=\"https:\/\/dpaso.pe\/wp-content\/uploads\/2025\/10\/home-intermedio-2.jpg\" \/>\n<meta name=\"twitter:card\" content=\"summary_large_image\" \/>\n<meta name=\"twitter:label1\" content=\"Est. reading time\" \/>\n\t<meta name=\"twitter:data1\" content=\"2 minutes\" \/>\n<script type=\"application\/ld+json\" class=\"yoast-schema-graph\">{\"@context\":\"https:\/\/schema.org\",\"@graph\":[{\"@type\":\"WebPage\",\"@id\":\"https:\/\/dpaso.pe\/\",\"url\":\"https:\/\/dpaso.pe\/\",\"name\":\"Inicio - Dpaso\",\"isPartOf\":{\"@id\":\"https:\/\/dpaso.pe\/#website\"},\"primaryImageOfPage\":{\"@id\":\"https:\/\/dpaso.pe\/#primaryimage\"},\"image\":{\"@id\":\"https:\/\/dpaso.pe\/#primaryimage\"},\"thumbnailUrl\":\"https:\/\/dpaso.pe\/wp-content\/uploads\/2025\/10\/home-intermedio-2.jpg\",\"datePublished\":\"2025-10-01T14:39:41+00:00\",\"dateModified\":\"2025-10-01T23:47:10+00:00\",\"breadcrumb\":{\"@id\":\"https:\/\/dpaso.pe\/#breadcrumb\"},\"inLanguage\":\"en-US\",\"potentialAction\":[{\"@type\":\"ReadAction\",\"target\":[\"https:\/\/dpaso.pe\/\"]}]},{\"@type\":\"ImageObject\",\"inLanguage\":\"en-US\",\"@id\":\"https:\/\/dpaso.pe\/#primaryimage\",\"url\":\"https:\/\/dpaso.pe\/wp-content\/uploads\/2025\/10\/home-intermedio-2.jpg\",\"contentUrl\":\"https:\/\/dpaso.pe\/wp-content\/uploads\/2025\/10\/home-intermedio-2.jpg\"},{\"@type\":\"BreadcrumbList\",\"@id\":\"https:\/\/dpaso.pe\/#breadcrumb\",\"itemListElement\":[{\"@type\":\"ListItem\",\"position\":1,\"name\":\"Portada\",\"item\":\"https:\/\/dpaso.pe\/\"},{\"@type\":\"ListItem\",\"position\":2,\"name\":\"Inicio\"}]},{\"@type\":\"WebSite\",\"@id\":\"https:\/\/dpaso.pe\/#website\",\"url\":\"https:\/\/dpaso.pe\/\",\"name\":\"Dpaso\",\"description\":\"El Mejor Almuerzo Show de Caballo Peruano de Paso\",\"potentialAction\":[{\"@type\":\"SearchAction\",\"target\":{\"@type\":\"EntryPoint\",\"urlTemplate\":\"https:\/\/dpaso.pe\/?s={search_term_string}\"},\"query-input\":{\"@type\":\"PropertyValueSpecification\",\"valueRequired\":true,\"valueName\":\"search_term_string\"}}],\"inLanguage\":\"en-US\"}]}<\/script>\n<!-- \/ Yoast SEO plugin. -->","yoast_head_json":{"title":"Inicio - Dpaso","robots":{"index":"index","follow":"follow","max-snippet":"max-snippet:-1","max-image-preview":"max-image-preview:large","max-video-preview":"max-video-preview:-1"},"canonical":"https:\/\/dpaso.pe\/en\/","og_locale":"en_US","og_type":"article","og_title":"Inicio - Dpaso","og_description":"Vive una Experiencia Distinta Aprende a montar al caballo del Per\u00fa Lleva a tu evento un espect\u00e1culo increible La Asociaci\u00f3n Cultural del Caballo Peruano de Paso (ACCPP) Somos una instituci\u00f3n sin fines de lucro, con la misi\u00f3n de preservar, promover y proyectar al Caballo Peruano de Paso como s\u00edmbolo de identidad y patrimonio cultural del [&hellip;]","og_url":"https:\/\/dpaso.pe\/en\/","og_site_name":"Dpaso","article_modified_time":"2025-10-01T23:47:10+00:00","og_image":[{"url":"https:\/\/dpaso.pe\/wp-content\/uploads\/2025\/10\/home-intermedio-2.jpg","type":"","width":"","height":""}],"twitter_card":"summary_large_image","twitter_misc":{"Est. reading time":"2 minutes"},"schema":{"@context":"https:\/\/schema.org","@graph":[{"@type":"WebPage","@id":"https:\/\/dpaso.pe\/","url":"https:\/\/dpaso.pe\/","name":"Inicio - Dpaso","isPartOf":{"@id":"https:\/\/dpaso.pe\/#website"},"primaryImageOfPage":{"@id":"https:\/\/dpaso.pe\/#primaryimage"},"image":{"@id":"https:\/\/dpaso.pe\/#primaryimage"},"thumbnailUrl":"https:\/\/dpaso.pe\/wp-content\/uploads\/2025\/10\/home-intermedio-2.jpg","datePublished":"2025-10-01T14:39:41+00:00","dateModified":"2025-10-01T23:47:10+00:00","breadcrumb":{"@id":"https:\/\/dpaso.pe\/#breadcrumb"},"inLanguage":"en-US","potentialAction":[{"@type":"ReadAction","target":["https:\/\/dpaso.pe\/"]}]},{"@type":"ImageObject","inLanguage":"en-US","@id":"https:\/\/dpaso.pe\/#primaryimage","url":"https:\/\/dpaso.pe\/wp-content\/uploads\/2025\/10\/home-intermedio-2.jpg","contentUrl":"https:\/\/dpaso.pe\/wp-content\/uploads\/2025\/10\/home-intermedio-2.jpg"},{"@type":"BreadcrumbList","@id":"https:\/\/dpaso.pe\/#breadcrumb","itemListElement":[{"@type":"ListItem","position":1,"name":"Portada","item":"https:\/\/dpaso.pe\/"},{"@type":"ListItem","position":2,"name":"Inicio"}]},{"@type":"WebSite","@id":"https:\/\/dpaso.pe\/#website","url":"https:\/\/dpaso.pe\/","name":"Dpaso","description":"El Mejor Almuerzo Show de Caballo Peruano de Paso","potentialAction":[{"@type":"SearchAction","target":{"@type":"EntryPoint","urlTemplate":"https:\/\/dpaso.pe\/?s={search_term_string}"},"query-input":{"@type":"PropertyValueSpecification","valueRequired":true,"valueName":"search_term_string"}}],"inLanguage":"en-US"}]}},"_links":{"self":[{"href":"https:\/\/dpaso.pe\/en\/wp-json\/wp\/v2\/pages\/10568","targetHints":{"allow":["GET"]}}],"collection":[{"href":"https:\/\/dpaso.pe\/en\/wp-json\/wp\/v2\/pages"}],"about":[{"href":"https:\/\/dpaso.pe\/en\/wp-json\/wp\/v2\/types\/page"}],"author":[{"embeddable":true,"href":"https:\/\/dpaso.pe\/en\/wp-json\/wp\/v2\/users\/1"}],"replies":[{"embeddable":true,"href":"https:\/\/dpaso.pe\/en\/wp-json\/wp\/v2\/comments?post=10568"}],"version-history":[{"count":34,"href":"https:\/\/dpaso.pe\/en\/wp-json\/wp\/v2\/pages\/10568\/revisions"}],"predecessor-version":[{"id":10948,"href":"https:\/\/dpaso.pe\/en\/wp-json\/wp\/v2\/pages\/10568\/revisions\/10948"}],"wp:attachment":[{"href":"https:\/\/dpaso.pe\/en\/wp-json\/wp\/v2\/media?parent=10568"}],"curies":[{"name":"wp","href":"https:\/\/api.w.org\/{rel}","templated":true}]}}