{"id":10787,"date":"2025-10-01T16:06:12","date_gmt":"2025-10-01T21:06:12","guid":{"rendered":"https:\/\/dpaso.pe\/?page_id=10787"},"modified":"2025-10-01T17:31:45","modified_gmt":"2025-10-01T22:31:45","slug":"contacto","status":"publish","type":"page","link":"https:\/\/dpaso.pe\/en\/contacto\/","title":{"rendered":"Contacto"},"content":{"rendered":"\t\t<div data-elementor-type=\"wp-page\" data-elementor-id=\"10787\" class=\"elementor elementor-10787\">\n\t\t\t\t        <section class=\"elementor-section elementor-top-section elementor-element elementor-element-34fea69 elementor-section-full_width elementor-section-height-default elementor-section-height-default pxl-section-offset-none pxl-shape-divider-none\" data-id=\"34fea69\" data-element_type=\"section\" data-e-type=\"section\">\n\n                \n                <div class=\"elementor-container elementor-column-gap-no \">\n                <div class=\"elementor-column elementor-col-100 elementor-top-column elementor-element elementor-element-ccf5709 pxl-column-element-default\" data-id=\"ccf5709\" data-element_type=\"column\" data-e-type=\"column\">\r\n        <div class=\"elementor-widget-wrap elementor-element-populated\">\r\n                    \t\t<div class=\"elementor-element elementor-element-a2b42df elementor-widget elementor-widget-slider_revolution\" data-id=\"a2b42df\" data-element_type=\"widget\" data-e-type=\"widget\" data-widget_type=\"slider_revolution.default\">\n\t\t\t\t\t\n\t\t<div class=\"wp-block-themepunch-revslider\">\n\t\t\t\t<p class=\"rs-p-wp-fix\"><\/p>\n\t\t\t\t<sr7-module data-alias=\"slider-2-1\" data-id=\"8\" id=\"SR7_8_1\" class=\"rs-ov-hidden\" data-version=\"6.7.34\">\n\t\t\t\t\t<sr7-adjuster><\/sr7-adjuster>\n\t\t\t\t\t<sr7-content>\n\t\t\t\t\t\t<sr7-slide id=\"SR7_8_1-20\" data-key=\"20\">\n\t\t\t\t\t\t\t<sr7-bg id=\"SR7_8_1-20-8\" class=\"sr7-layer\"><noscript><img decoding=\"async\" src=\"https:\/\/dpaso.pe\/wp-content\/uploads\/2025\/10\/slider-contacto.jpg\" alt=\"\" title=\"slider-contacto\"><\/noscript><\/sr7-bg>\n\t\t\t\t\t\t\t<sr7-txt id=\"SR7_8_1-20-7\" class=\"sr7-layer\">CONTACTO<\/sr7-txt>\n\t\t\t\t\t\t<\/sr7-slide>\n\t\t\t\t\t\t<sr7-slide id=\"SR7_8_1-22\" data-key=\"22\">\n\t\t\t\t\t\t<\/sr7-slide>\n\t\t\t\t\t<\/sr7-content>\n\t\t\t\t\t<image_lists style=\"display:none\">\n\t\t\t\t\t\t<img data-src=\"\/\/dpaso.pe\/wp-content\/uploads\/2025\/10\/slider-contacto.jpg\" data-libid=\"10771\" data-lib=\"medialibrary\" title=\"slider-contacto\" width=\"0\" height=\"0\" data-dbsrc=\"Ly9kcGFzby5wZS93cC1jb250ZW50L3VwbG9hZHMvMjAyNS8xMC9zbGlkZXItY29udGFjdG8uanBn\"\/>\n\t\t\t\t\t<\/image_lists>\n\t\t\t\t<\/sr7-module>\n\t\t\t\t<script>\n\t\t\t\t\tSR7.PMH ??={}; SR7.PMH[\"SR7_8_1\"] = {cn:100,state:false,fn: function() { if (_tpt!==undefined && _tpt.prepareModuleHeight !== undefined) {  _tpt.prepareModuleHeight({id:\"SR7_8_1\",el:[850,850,850,800,800],type:'standard',shdw:'0',gh:[850,850,850,800,800],gw:[1170,1170,1024,778,480],vpt:['-100px&#039;,&#039;-100px&#039;,&#039;-100px&#039;,&#039;-100px&#039;,&#039;-100px'],size:{fullWidth:true, fullHeight:false},mh:'0',onh:0,onw:0,bg:{color:'{\"orig\":\"transparent\",\"type\":\"solid\",\"string\":\"transparent\"}'}});   SR7.PMH[\"SR7_8_1\"].state=true;} else if(SR7.PMH[\"SR7_8_1\"].cn-->0)\tsetTimeout( SR7.PMH[\"SR7_8_1\"].fn,19);}};SR7.PMH[\"SR7_8_1\" ].fn();\n\t\t\t\t<\/script>\n<\/div>\n\n\t\t\t\t\t\t<\/div>\n\t\t                    <\/div>\r\n        <\/div>\r\n        \t\t\t<\/div>\n\t\t<\/section>\n\t\t        <section class=\"elementor-section elementor-top-section elementor-element elementor-element-2a492cf elementor-section-height-min-height elementor-section-boxed elementor-section-height-default elementor-section-items-middle pxl-shape-divider-none\" data-id=\"2a492cf\" data-element_type=\"section\" data-e-type=\"section\" data-settings=\"{&quot;background_background&quot;:&quot;classic&quot;}\">\n\n                \n                <div class=\"elementor-container elementor-column-gap-default \">\n                <div class=\"elementor-column elementor-col-100 elementor-top-column elementor-element elementor-element-faf8705 pxl-column-element-default\" data-id=\"faf8705\" data-element_type=\"column\" data-e-type=\"column\">\r\n        <div class=\"elementor-widget-wrap elementor-element-populated\">\r\n                            <section class=\"elementor-section elementor-inner-section elementor-element elementor-element-003f05a elementor-reverse-tablet elementor-reverse-mobile_extra elementor-reverse-mobile elementor-section-full_width elementor-section-height-default elementor-section-height-default pxl-section-offset-none pxl-shape-divider-none\" data-id=\"003f05a\" data-element_type=\"section\" data-e-type=\"section\" data-settings=\"{&quot;background_background&quot;:&quot;classic&quot;}\">\n\n                \n                <div class=\"elementor-container elementor-column-gap-default \">\n                <div class=\"elementor-column elementor-col-50 elementor-inner-column elementor-element elementor-element-212931b pxl-column-element-default\" data-id=\"212931b\" data-element_type=\"column\" data-e-type=\"column\" data-settings=\"{&quot;background_background&quot;:&quot;classic&quot;}\">\r\n        <div class=\"elementor-widget-wrap elementor-element-populated\">\r\n                    \t\t<div class=\"elementor-element elementor-element-e515af8 elementor-widget elementor-widget-pxl_text_editor\" data-id=\"e515af8\" data-element_type=\"widget\" data-e-type=\"widget\" data-widget_type=\"pxl_text_editor.default\">\n\t\t\t\t<div class=\"elementor-widget-container\">\n\t\t\t\t\t<div id=\"pxl_text_editor-e515af8-9773\" class=\"pxl-text-editor-wrap d-flex\" >\n\t<div class=\"pxl-text-editor elementor-clearfix\">\n        <p>Nuestros Locales<\/p>\t<\/div>\n<\/div>\t\t\t\t<\/div>\n\t\t\t\t<\/div>\n\t\t\t\t<div class=\"elementor-element elementor-element-34a73de elementor-widget elementor-widget-pxl_text_editor\" data-id=\"34a73de\" data-element_type=\"widget\" data-e-type=\"widget\" data-widget_type=\"pxl_text_editor.default\">\n\t\t\t\t<div class=\"elementor-widget-container\">\n\t\t\t\t\t<div id=\"pxl_text_editor-34a73de-5598\" class=\"pxl-text-editor-wrap d-flex\" >\n\t<div class=\"pxl-text-editor elementor-clearfix\">\n        <p><strong>Dpaso Mamacona<\/strong><br \/><a href=\"https:\/\/goo.gl\/maps\/NtKxvkHpXkcULK3T6\" target=\"_blank\" rel=\"noopener\">Alameda Mamacona Lote 1 &#8211; Lur\u00edn\u00a0<\/a><\/p><p><strong>Dpaso Hacienda<\/strong><br \/><a href=\"https:\/\/goo.gl\/maps\/iQsXnv7cwy4nQy4E8\" target=\"_blank\" rel=\"noopener\">Jr. Gral. Belisario S\u00faarez N\u00b0 198 &#8211; Surco<\/a><br \/><script type=\"text\/javascript\">\njQuery(\".mapa-locales\").click(function(){\n    event.preventDefault();\n    mapa = jQuery(this).data('mapa')\n    if (mapa == \"mamacona\") {\n        jQuery(\"#mapa_mamacona\").fadeIn();\n        jQuery(\"#mapa_hacienda\").fadeOut();\n    }\n    if (mapa == \"hacienda\") {\n        jQuery(\"#mapa_mamacona\").fadeOut();\n        jQuery(\"#mapa_hacienda\").fadeIn();\n    }\n});\n<\/script><\/p><p><style type=\"text\/css\">\n#mapa_hacienda {<br \/>    display: none;<br \/>}<br \/><\/style><\/p>\t<\/div>\n<\/div>\t\t\t\t<\/div>\n\t\t\t\t<\/div>\n\t\t\t\t<div class=\"elementor-element elementor-element-8fb778b elementor-widget elementor-widget-pxl_text_editor\" data-id=\"8fb778b\" data-element_type=\"widget\" data-e-type=\"widget\" data-widget_type=\"pxl_text_editor.default\">\n\t\t\t\t<div class=\"elementor-widget-container\">\n\t\t\t\t\t<div id=\"pxl_text_editor-8fb778b-7363\" class=\"pxl-text-editor-wrap d-flex\" >\n\t<div class=\"pxl-text-editor elementor-clearfix\">\n        <p>Contacto r\u00e1pido<\/p>\t<\/div>\n<\/div>\t\t\t\t<\/div>\n\t\t\t\t<\/div>\n\t\t\t\t<div class=\"elementor-element elementor-element-6c4609a elementor-widget elementor-widget-pxl_text_editor\" data-id=\"6c4609a\" data-element_type=\"widget\" data-e-type=\"widget\" data-widget_type=\"pxl_text_editor.default\">\n\t\t\t\t<div class=\"elementor-widget-container\">\n\t\t\t\t\t<div id=\"pxl_text_editor-6c4609a-4851\" class=\"pxl-text-editor-wrap d-flex\" >\n\t<div class=\"pxl-text-editor elementor-clearfix\">\n        <span class=\"color-primary\" style=\"font-weight: 600;\">Tel\u00e9fono: <\/span><a href=\"tel:51946164121\">+51 946 164 121<\/a>\t<\/div>\n<\/div>\t\t\t\t<\/div>\n\t\t\t\t<\/div>\n\t\t\t\t<div class=\"elementor-element elementor-element-8bd42ed elementor-widget elementor-widget-pxl_text_editor\" data-id=\"8bd42ed\" data-element_type=\"widget\" data-e-type=\"widget\" data-widget_type=\"pxl_text_editor.default\">\n\t\t\t\t<div class=\"elementor-widget-container\">\n\t\t\t\t\t<div id=\"pxl_text_editor-8bd42ed-2451\" class=\"pxl-text-editor-wrap d-flex\" >\n\t<div class=\"pxl-text-editor elementor-clearfix\">\n        <span class=\"color-primary\" style=\"font-weight: 600;\">Email: <\/span><a href=\"mailto:operaciones@test-dpaso.local\">operaciones@test-dpaso.local<\/a>\t<\/div>\n<\/div>\t\t\t\t<\/div>\n\t\t\t\t<\/div>\n\t\t                    <\/div>\r\n        <\/div>\r\n                <div class=\"elementor-column elementor-col-50 elementor-inner-column elementor-element elementor-element-5bab4b7 pxl-column-element-default\" data-id=\"5bab4b7\" data-element_type=\"column\" data-e-type=\"column\">\r\n        <div class=\"elementor-widget-wrap elementor-element-populated\">\r\n                    \t\t<div class=\"elementor-element elementor-element-6bc7f57 pxl-heading-layout-1 elementor-widget elementor-widget-pxl_heading\" data-id=\"6bc7f57\" data-element_type=\"widget\" data-e-type=\"widget\" data-widget_type=\"pxl_heading.default\">\n\t\t\t\t<div class=\"elementor-widget-container\">\n\t\t\t\t\t<div class=\"pxl-heading-wrap d-flex layout1\">\n    <div class=\"pxl-heading-inner \">\n        \n        <h2 class=\"heading-title\">\n            <span >\n                Cont\u00e1ctanos            <\/span>\n                    <\/h2>\n\n            <\/div>\n<\/div>\n\n\t\t\t\t<\/div>\n\t\t\t\t<\/div>\n\t\t\t\t<div class=\"elementor-element elementor-element-8f58377 elementor-widget elementor-widget-pxl_text_editor\" data-id=\"8f58377\" data-element_type=\"widget\" data-e-type=\"widget\" data-widget_type=\"pxl_text_editor.default\">\n\t\t\t\t<div class=\"elementor-widget-container\">\n\t\t\t\t\t<div id=\"pxl_text_editor-8f58377-7236\" class=\"pxl-text-editor-wrap d-flex\" >\n\t<div class=\"pxl-text-editor elementor-clearfix\">\n        <p>Te esperamos en Dpaso para vivir juntos el orgullo y pasi\u00f3n por el Per\u00fa.<\/p>\t<\/div>\n<\/div>\t\t\t\t<\/div>\n\t\t\t\t<\/div>\n\t\t\t\t<div class=\"elementor-element elementor-element-d6d9066 elementor-widget elementor-widget-pxl_contact_form\" data-id=\"d6d9066\" data-element_type=\"widget\" data-e-type=\"widget\" data-widget_type=\"pxl_contact_form.default\">\n\t\t\t\t<div class=\"elementor-widget-container\">\n\t\t\t\t\t        <div id=\"pxl_contact_form-d6d9066-8692\" class=\"pxl-contact-form7\">\r\n            <div class=\"pxl-contact-form-inner\">\r\n                \n<div class=\"wpcf7 no-js\" id=\"wpcf7-f10850-o1\" lang=\"es-ES\" dir=\"ltr\" data-wpcf7-id=\"10850\">\n<div class=\"screen-reader-response\"><p role=\"status\" aria-live=\"polite\" aria-atomic=\"true\"><\/p> <ul><\/ul><\/div>\n<form action=\"\/en\/wp-json\/wp\/v2\/pages\/10787#wpcf7-f10850-o1\" method=\"post\" class=\"wpcf7-form init\" aria-label=\"Formulario de contacto\" novalidate=\"novalidate\" data-status=\"init\">\n<fieldset class=\"hidden-fields-container\"><input type=\"hidden\" name=\"_wpcf7\" value=\"10850\" \/><input type=\"hidden\" name=\"_wpcf7_version\" value=\"6.1.5\" \/><input type=\"hidden\" name=\"_wpcf7_locale\" value=\"es_ES\" \/><input type=\"hidden\" name=\"_wpcf7_unit_tag\" value=\"wpcf7-f10850-o1\" \/><input type=\"hidden\" name=\"_wpcf7_container_post\" value=\"0\" \/><input type=\"hidden\" name=\"_wpcf7_posted_data_hash\" value=\"\" \/><input type=\"hidden\" name=\"_wpcf7_recaptcha_response\" value=\"\" \/>\n<\/fieldset>\n<p><label> Nombre <span class=\"wpcf7-form-control-wrap\" data-name=\"your-name\"><input size=\"40\" maxlength=\"400\" class=\"wpcf7-form-control wpcf7-text wpcf7-validates-as-required\" aria-required=\"true\" aria-invalid=\"false\" value=\"\" type=\"text\" name=\"your-name\" \/><\/span> <\/label>\n<\/p>\n<p><label> Email<br \/>\n<span class=\"wpcf7-form-control-wrap\" data-name=\"your-email\"><input size=\"40\" maxlength=\"400\" class=\"wpcf7-form-control wpcf7-email wpcf7-validates-as-required wpcf7-text wpcf7-validates-as-email\" aria-required=\"true\" aria-invalid=\"false\" value=\"\" type=\"email\" name=\"your-email\" \/><\/span> <\/label>\n<\/p>\n<p><label> Tu tel\u00e9fono<br \/>\n<span class=\"wpcf7-form-control-wrap\" data-name=\"your-phone\"><input size=\"40\" maxlength=\"400\" class=\"wpcf7-form-control wpcf7-tel wpcf7-validates-as-required wpcf7-text wpcf7-validates-as-tel\" aria-required=\"true\" aria-invalid=\"false\" value=\"\" type=\"tel\" name=\"your-phone\" \/><\/span> <\/label>\n<\/p>\n<p><label> Asunto<br \/>\n<span class=\"wpcf7-form-control-wrap\" data-name=\"your-subject\"><input size=\"40\" maxlength=\"400\" class=\"wpcf7-form-control wpcf7-text wpcf7-validates-as-required\" aria-required=\"true\" aria-invalid=\"false\" value=\"\" type=\"text\" name=\"your-subject\" \/><\/span> <\/label>\n<\/p>\n<p><label> Mensaje (opcional)<br \/>\n<span class=\"wpcf7-form-control-wrap\" data-name=\"your-message\"><textarea cols=\"40\" rows=\"10\" maxlength=\"2000\" class=\"wpcf7-form-control wpcf7-textarea\" aria-invalid=\"false\" name=\"your-message\"><\/textarea><\/span> <\/label>\n<\/p>\n<p><input class=\"wpcf7-form-control wpcf7-submit has-spinner\" type=\"submit\" value=\"Enviar\" \/>\n<\/p><div class=\"wpcf7-response-output\" aria-hidden=\"true\"><\/div>\n<\/form>\n<\/div>\n            <\/div>\r\n        <\/div>\r\n        \t\t\t\t<\/div>\n\t\t\t\t<\/div>\n\t\t                    <\/div>\r\n        <\/div>\r\n        \t\t\t<\/div>\n\t\t<\/section>\n\t\t                    <\/div>\r\n        <\/div>\r\n        \t\t\t<\/div>\n\t\t<\/section>\n\t\t\t\t<\/div>\n\t\t","protected":false},"excerpt":{"rendered":"<p>Nuestros Locales Dpaso MamaconaAlameda Mamacona Lote 1 &#8211; Lur\u00edn\u00a0 Dpaso HaciendaJr. Gral. Belisario S\u00faarez N\u00b0 198 &#8211; Surco Contacto r\u00e1pido Tel\u00e9fono: +51 946 164 121 Email: operaciones@test-dpaso.local Cont\u00e1ctanos Te esperamos en Dpaso para vivir juntos el orgullo y pasi\u00f3n por el Per\u00fa. Nombre Email Tu tel\u00e9fono Asunto Mensaje (opcional)<\/p>","protected":false},"author":1,"featured_media":0,"parent":0,"menu_order":-600,"comment_status":"closed","ping_status":"closed","template":"","meta":{"footnotes":""},"class_list":["post-10787","page","type-page","status-publish","hentry"],"yoast_head":"<!-- This site is optimized with the Yoast SEO plugin v27.2 - https:\/\/yoast.com\/product\/yoast-seo-wordpress\/ -->\n<title>Contacto - Dpaso<\/title>\n<meta name=\"robots\" content=\"index, follow, max-snippet:-1, max-image-preview:large, max-video-preview:-1\" \/>\n<link rel=\"canonical\" href=\"https:\/\/dpaso.pe\/en\/contacto\/\" \/>\n<meta property=\"og:locale\" content=\"en_US\" \/>\n<meta property=\"og:type\" content=\"article\" \/>\n<meta property=\"og:title\" content=\"Contacto - Dpaso\" \/>\n<meta property=\"og:description\" content=\"Nuestros Locales Dpaso MamaconaAlameda Mamacona Lote 1 &#8211; Lur\u00edn\u00a0 Dpaso HaciendaJr. Gral. Belisario S\u00faarez N\u00b0 198 &#8211; Surco Contacto r\u00e1pido Tel\u00e9fono: +51 946 164 121 Email: operaciones@test-dpaso.local Cont\u00e1ctanos Te esperamos en Dpaso para vivir juntos el orgullo y pasi\u00f3n por el Per\u00fa. Nombre Email Tu tel\u00e9fono Asunto Mensaje (opcional)\" \/>\n<meta property=\"og:url\" content=\"https:\/\/dpaso.pe\/en\/contacto\/\" \/>\n<meta property=\"og:site_name\" content=\"Dpaso\" \/>\n<meta property=\"article:modified_time\" content=\"2025-10-01T22:31:45+00:00\" \/>\n<meta name=\"twitter:card\" content=\"summary_large_image\" \/>\n<meta name=\"twitter:label1\" content=\"Est. reading time\" \/>\n\t<meta name=\"twitter:data1\" content=\"1 minute\" \/>\n<script type=\"application\/ld+json\" class=\"yoast-schema-graph\">{\"@context\":\"https:\/\/schema.org\",\"@graph\":[{\"@type\":\"WebPage\",\"@id\":\"https:\/\/dpaso.pe\/contacto\/\",\"url\":\"https:\/\/dpaso.pe\/contacto\/\",\"name\":\"Contacto - Dpaso\",\"isPartOf\":{\"@id\":\"https:\/\/dpaso.pe\/#website\"},\"datePublished\":\"2025-10-01T21:06:12+00:00\",\"dateModified\":\"2025-10-01T22:31:45+00:00\",\"breadcrumb\":{\"@id\":\"https:\/\/dpaso.pe\/contacto\/#breadcrumb\"},\"inLanguage\":\"en-US\",\"potentialAction\":[{\"@type\":\"ReadAction\",\"target\":[\"https:\/\/dpaso.pe\/contacto\/\"]}]},{\"@type\":\"BreadcrumbList\",\"@id\":\"https:\/\/dpaso.pe\/contacto\/#breadcrumb\",\"itemListElement\":[{\"@type\":\"ListItem\",\"position\":1,\"name\":\"Portada\",\"item\":\"https:\/\/dpaso.pe\/\"},{\"@type\":\"ListItem\",\"position\":2,\"name\":\"Contacto\"}]},{\"@type\":\"WebSite\",\"@id\":\"https:\/\/dpaso.pe\/#website\",\"url\":\"https:\/\/dpaso.pe\/\",\"name\":\"Dpaso\",\"description\":\"El Mejor Almuerzo Show de Caballo Peruano de Paso\",\"potentialAction\":[{\"@type\":\"SearchAction\",\"target\":{\"@type\":\"EntryPoint\",\"urlTemplate\":\"https:\/\/dpaso.pe\/?s={search_term_string}\"},\"query-input\":{\"@type\":\"PropertyValueSpecification\",\"valueRequired\":true,\"valueName\":\"search_term_string\"}}],\"inLanguage\":\"en-US\"}]}<\/script>\n<!-- \/ Yoast SEO plugin. -->","yoast_head_json":{"title":"Contacto - Dpaso","robots":{"index":"index","follow":"follow","max-snippet":"max-snippet:-1","max-image-preview":"max-image-preview:large","max-video-preview":"max-video-preview:-1"},"canonical":"https:\/\/dpaso.pe\/en\/contacto\/","og_locale":"en_US","og_type":"article","og_title":"Contacto - Dpaso","og_description":"Nuestros Locales Dpaso MamaconaAlameda Mamacona Lote 1 &#8211; Lur\u00edn\u00a0 Dpaso HaciendaJr. Gral. Belisario S\u00faarez N\u00b0 198 &#8211; Surco Contacto r\u00e1pido Tel\u00e9fono: +51 946 164 121 Email: operaciones@test-dpaso.local Cont\u00e1ctanos Te esperamos en Dpaso para vivir juntos el orgullo y pasi\u00f3n por el Per\u00fa. Nombre Email Tu tel\u00e9fono Asunto Mensaje (opcional)","og_url":"https:\/\/dpaso.pe\/en\/contacto\/","og_site_name":"Dpaso","article_modified_time":"2025-10-01T22:31:45+00:00","twitter_card":"summary_large_image","twitter_misc":{"Est. reading time":"1 minute"},"schema":{"@context":"https:\/\/schema.org","@graph":[{"@type":"WebPage","@id":"https:\/\/dpaso.pe\/contacto\/","url":"https:\/\/dpaso.pe\/contacto\/","name":"Contacto - Dpaso","isPartOf":{"@id":"https:\/\/dpaso.pe\/#website"},"datePublished":"2025-10-01T21:06:12+00:00","dateModified":"2025-10-01T22:31:45+00:00","breadcrumb":{"@id":"https:\/\/dpaso.pe\/contacto\/#breadcrumb"},"inLanguage":"en-US","potentialAction":[{"@type":"ReadAction","target":["https:\/\/dpaso.pe\/contacto\/"]}]},{"@type":"BreadcrumbList","@id":"https:\/\/dpaso.pe\/contacto\/#breadcrumb","itemListElement":[{"@type":"ListItem","position":1,"name":"Portada","item":"https:\/\/dpaso.pe\/"},{"@type":"ListItem","position":2,"name":"Contacto"}]},{"@type":"WebSite","@id":"https:\/\/dpaso.pe\/#website","url":"https:\/\/dpaso.pe\/","name":"Dpaso","description":"El Mejor Almuerzo Show de Caballo Peruano de Paso","potentialAction":[{"@type":"SearchAction","target":{"@type":"EntryPoint","urlTemplate":"https:\/\/dpaso.pe\/?s={search_term_string}"},"query-input":{"@type":"PropertyValueSpecification","valueRequired":true,"valueName":"search_term_string"}}],"inLanguage":"en-US"}]}},"_links":{"self":[{"href":"https:\/\/dpaso.pe\/en\/wp-json\/wp\/v2\/pages\/10787","targetHints":{"allow":["GET"]}}],"collection":[{"href":"https:\/\/dpaso.pe\/en\/wp-json\/wp\/v2\/pages"}],"about":[{"href":"https:\/\/dpaso.pe\/en\/wp-json\/wp\/v2\/types\/page"}],"author":[{"embeddable":true,"href":"https:\/\/dpaso.pe\/en\/wp-json\/wp\/v2\/users\/1"}],"replies":[{"embeddable":true,"href":"https:\/\/dpaso.pe\/en\/wp-json\/wp\/v2\/comments?post=10787"}],"version-history":[{"count":55,"href":"https:\/\/dpaso.pe\/en\/wp-json\/wp\/v2\/pages\/10787\/revisions"}],"predecessor-version":[{"id":10856,"href":"https:\/\/dpaso.pe\/en\/wp-json\/wp\/v2\/pages\/10787\/revisions\/10856"}],"wp:attachment":[{"href":"https:\/\/dpaso.pe\/en\/wp-json\/wp\/v2\/media?parent=10787"}],"curies":[{"name":"wp","href":"https:\/\/api.w.org\/{rel}","templated":true}]}}